{"id":32,"date":"2008-09-11T16:56:10","date_gmt":"2008-09-11T13:56:10","guid":{"rendered":"https:\/\/www.satokangas.fi\/blogi\/?page_id=32"},"modified":"2026-03-11T18:27:42","modified_gmt":"2026-03-11T16:27:42","slug":"esittely","status":"publish","type":"page","link":"https:\/\/www.satokangas.fi\/blogi\/esittely\/","title":{"rendered":"T\u00e4m\u00e4 blogi"},"content":{"rendered":"\n<p class=\"has-primary-acc-color has-text-color has-background has-link-color has-medium-font-size wp-elements-df77dc0a5b32c85c84f5e193d8f2a6a2\" style=\"background-color:#d6d5d5\"><strong>Kirjoitan, siis olen. <\/strong><\/p>\n\n\n\n<p class=\"has-primary-acc-color has-text-color has-background has-link-color has-medium-font-size wp-elements-78ce8e8739d77f180d926accd6e765c0\" style=\"background-color:#d6d5d5\"><span style=\"color: #000000;\">Vuosikausia &#8211; vuosikymmeni\u00e4! &#8211; olen kirjoittanut arjestani, iloistani ja ahdistuksen \u00f6ist\u00e4ni, hulluista haaveistani ja menneist\u00e4 matkoista, omista ja muiden tekemisist\u00e4, kirjoitin vain itselleni, pidin p\u00e4iv\u00e4kirjaa. <\/span><\/p>\n\n\n\n<p class=\"has-site-bg-color has-text-color has-background has-link-color wp-elements-0a5157861370825ea902d7ab462399da\" style=\"background-color:#d6d5d5\">Syksyll\u00e4 2007 lopetin yksityisten p\u00e4iv\u00e4kirjojen pit\u00e4misen ja avasin blogin ja ajatuksena oli kirjoittaa muutama lause p\u00e4ivien kulusta, v\u00e4h\u00e4n sellaisella &#8221;kalenterimerkint\u00f6j\u00e4 j\u00e4lkik\u00e4teen&#8221; -ajatuksella. <br \/><br \/>Kuvausharrastus ja kaikki ruokaan liittyv\u00e4 olivat t\u00e4rkeit\u00e4 juttuja jo silloin; ja aikani seurattuani monia n\u00e4ihin liittyvi\u00e4 blogeja aloin kirjoittaa ja kuvata n\u00e4ist\u00e4 jutuista blogiini. Ja siit\u00e4 sitten homma laajeni. <\/p>\n\n\n\n<p class=\"has-body-font-color has-text-color has-background has-link-color has-medium-font-size wp-elements-a1da7c07128acb3cac067e481c5b7057\" style=\"background-color:#d6d5d5\"><span style=\"color: #000000;\">Kirjoitan tavallisesta arjesta ja tavattomista juhlista &#8211; kirjoitan juhlasta arjessa. Minun arkeeni &#8211; ja juhlaani &#8211;&nbsp; kuuluvat perhe ja ruoka &nbsp;&#8211; blogissa on siis reseptej\u00e4 mutta my\u00f6s perhe-el\u00e4m\u00e4n iloja ja kipupisteit\u00e4.<\/span><\/p>\n\n\n\n<p class=\"has-site-bg-color has-text-color has-background has-link-color has-medium-font-size wp-elements-a30f04bd75bac1b2eba8c8956ba8df31\" style=\"background-color:#d6d5d5\">Ty\u00f6el\u00e4m\u00e4 yliopisto-opettajana ja historiantutkijana on jo j\u00e4\u00e4nyt, samoin free lance -valokuvaajan &#8221;ura&#8221; hiipuu, mutta viel\u00e4 niist\u00e4 on j\u00e4lki\u00e4 postauksissa. <br \/><br \/>Nyt (2026_3) p\u00e4iv\u00e4t &#8211; ja siten my\u00f6s blogijutut &#8211; ovat liikkumista, lukemista, mummeilua, neulomista, ruokaa, reissaamista, m\u00f6kkeily\u00e4 ja perhe-el\u00e4m\u00e4\u00e4. Niin ja Tuulestatemmattuja juttuja. <span style=\"color: #000000;\">Suloisessa sekamelskassa kaikkea tuulesta temmattua, toivottavasti my\u00f6s kommentteja. <\/span><\/p>\n\n\n\n<div class=\"wp-block-group\"><div class=\"wp-block-group__inner-container is-layout-constrained wp-block-group-is-layout-constrained\">\n<p class=\"has-body-font-color has-text-color has-background has-link-color wp-elements-2cc86265eed4690a1b962efe785d1220\" style=\"background-color:#a6c5ec\">Blogin nimi: TUULESTATEMMATTUA<\/p>\n\n\n\n<p class=\"has-body-font-color has-text-color has-background has-link-color wp-elements-208b72867517c20a02311b89cc8c05af\" style=\"background-color:#a6c5ec\">Miksi blogini nimi on Tuulestatemmattua? &#8211; Syyst\u00e4, ett\u00e4 olen Aleksanteri Tuulen tytt\u00e4rentyt\u00e4r. Tuulestatemmattu siis. Sisareni, joka luonnollisesti on my\u00f6s Tuulesta, tosin kritikoi nimimerkin valintaa, ja v\u00e4itti, ettei minua temmota. No ehkei sitten, mutta systerikin &#8211; joka osaa kirjoittaa! &#8211; my\u00f6nt\u00e4\u00e4, ett\u00e4 juttuni ovat v\u00e4lill\u00e4 \u00b4tuulesta temmattuja\u00b4, joten edes blogin nimess\u00e4 sen s\u00e4ilytin. Ja m\u00f6kin nimi on sitten luonnollisesti My\u00f6t\u00e4tuuli.&nbsp;<\/p>\n<\/div><\/div>\n\n\n\n<p class=\"has-body-font-color has-text-color has-background has-link-color wp-elements-bcfa9653fdcef2d4c11b159d706527f1\" style=\"background-color:#a6c5ec\"><a href=\"http:\/\/www.tuulensukuseura.fi\/wordpress\/?page_id=11\">Tuulen suku<\/a> on asunut 1700-luvulta l\u00e4htien Suomenlahden pohjukassa Kannaksen Karjalassa &#8211; Koivistolla. Meid\u00e4n sukuhaara eleli Koivusaaren Ingertil\u00e4ss\u00e4. Voisinko satunnaista puheliaisuuttani selitt\u00e4\u00e4 karjalaisilla sukujuurillani?<\/p>\n\n\n\n<p class=\"has-body-font-color has-text-color has-background has-link-color wp-elements-81e80f01b8c60ced78546335d4a7e1b1\" style=\"background-color:#a6c5ec\">Karjalaan Tuulet lienev\u00e4t tulleet 1200-luvulla Saksasta tai Ruotsissa. Merenkulkijoita ja laivanrakentajia   sek\u00e4 kauppiaita ja kalastajia on suvussa sukupolvesta toiseen riitt\u00e4nyt. Siirtokarjalaisina koivistolaisia ja meit\u00e4 heid\u00e4n j\u00e4lkel\u00e4isi\u00e4\u00e4n on ymp\u00e4ri Suomea, mutta virallinen uusi kotikunta oli Miehikk\u00e4l\u00e4. Tuulen suku ei ole kovin suuri; \u00b4Tuuli\u00b4 sukunimen\u00e4 on t\u00e4ll\u00e4 hetkell\u00e4 yhteens\u00e4 210 suomalaisella.<\/p>\n\n\n\n<p><\/p>\n","protected":false},"excerpt":{"rendered":"<p>Kirjoitan, siis olen. Vuosikausia &#8211; vuosikymmeni\u00e4! &#8211; olen kirjoittanut arjestani, iloistani ja ahdistuksen \u00f6ist\u00e4ni, hulluista haaveistani ja menneist\u00e4 matkoista, omista ja muiden tekemisist\u00e4, kirjoitin vain itselleni, pidin p\u00e4iv\u00e4kirjaa. Syksyll\u00e4 2007 lopetin yksityisten p\u00e4iv\u00e4kirjojen pit\u00e4misen ja avasin blogin ja ajatuksena oli kirjoittaa muutama lause p\u00e4ivien kulusta, v\u00e4h\u00e4n sellaisella &#8221;kalenterimerkint\u00f6j\u00e4 j\u00e4lkik\u00e4teen&#8221; -ajatuksella. Kuvausharrastus ja kaikki ruokaan liittyv\u00e4 olivat t\u00e4rkeit\u00e4 juttuja jo silloin; &hellip; <\/p>\n","protected":false},"author":1,"featured_media":44779,"parent":0,"menu_order":1,"comment_status":"open","ping_status":"open","template":"","meta":{"jetpack_post_was_ever_published":false,"footnotes":""},"class_list":["post-32","page","type-page","status-publish","has-post-thumbnail","hentry","latest_post"],"jetpack_shortlink":"https:\/\/wp.me\/Pr4p4-w","jetpack_sharing_enabled":true,"jetpack_likes_enabled":false,"jetpack-related-posts":[{"id":30,"url":"https:\/\/www.satokangas.fi\/blogi\/vieraskirja\/","url_meta":{"origin":32,"position":0},"title":"Vieraskirja","author":"Reija","date":"11.9.2008","format":false,"excerpt":"Jos joku n\u00e4ill\u00e4 sivuilla j\u00e4tti sinuun j\u00e4ljen, kerro.\u00a0\u00a0Resepti tai reissuraportti, josta oli sinulle iloa tai hy\u00f6ty\u00e4? Palaute olisi ilo!\u00a0 s\u00e4hk\u00f6postiinkin voit kirjoitella: reija (at) satokangas.fi","rel":"","context":"Kategoriassa &quot;Niit\u00e4 n\u00e4it\u00e4&quot;","block_context":{"text":"Niit\u00e4 n\u00e4it\u00e4","link":"https:\/\/www.satokangas.fi\/blogi\/category\/aiheeton\/"},"img":{"alt_text":"Tunturiin-4","src":"https:\/\/i0.wp.com\/www.satokangas.fi\/blogi\/wp-content\/uploads\/2016\/07\/Tunturiin-4-1-600x400.jpg?resize=350%2C200&ssl=1","width":350,"height":200,"srcset":"https:\/\/i0.wp.com\/www.satokangas.fi\/blogi\/wp-content\/uploads\/2016\/07\/Tunturiin-4-1-600x400.jpg?resize=350%2C200&ssl=1 1x, https:\/\/i0.wp.com\/www.satokangas.fi\/blogi\/wp-content\/uploads\/2016\/07\/Tunturiin-4-1-600x400.jpg?resize=525%2C300&ssl=1 1.5x"},"classes":[]}],"_links":{"self":[{"href":"https:\/\/www.satokangas.fi\/blogi\/wp-json\/wp\/v2\/pages\/32","targetHints":{"allow":["GET"]}}],"collection":[{"href":"https:\/\/www.satokangas.fi\/blogi\/wp-json\/wp\/v2\/pages"}],"about":[{"href":"https:\/\/www.satokangas.fi\/blogi\/wp-json\/wp\/v2\/types\/page"}],"author":[{"embeddable":true,"href":"https:\/\/www.satokangas.fi\/blogi\/wp-json\/wp\/v2\/users\/1"}],"replies":[{"embeddable":true,"href":"https:\/\/www.satokangas.fi\/blogi\/wp-json\/wp\/v2\/comments?post=32"}],"version-history":[{"count":0,"href":"https:\/\/www.satokangas.fi\/blogi\/wp-json\/wp\/v2\/pages\/32\/revisions"}],"wp:featuredmedia":[{"embeddable":true,"href":"https:\/\/www.satokangas.fi\/blogi\/wp-json\/wp\/v2\/media\/44779"}],"wp:attachment":[{"href":"https:\/\/www.satokangas.fi\/blogi\/wp-json\/wp\/v2\/media?parent=32"}],"curies":[{"name":"wp","href":"https:\/\/api.w.org\/{rel}","templated":true}]}}