{"id":311,"date":"2008-09-12T12:23:42","date_gmt":"2008-09-12T09:23:42","guid":{"rendered":"https:\/\/www.satokangas.fi\/blogi\/?page_id=311"},"modified":"2016-01-25T18:01:09","modified_gmt":"2016-01-25T16:01:09","slug":"alku","status":"publish","type":"page","link":"https:\/\/www.satokangas.fi\/blogi\/alku\/","title":{"rendered":"Viimeisin"},"content":{"rendered":"<p><a href=\"https:\/\/www.satokangas.fi\/blogi\/wp-content\/uploads\/2008\/09\/1378513_10151904725876192_932747742_n.jpg\"><br \/>\n<\/a>Klikkaudu alkuun t\u00e4st\u00e4:<\/p>\n<p><a href=\"https:\/\/www.satokangas.fi\/blogi\">https:\/\/www.satokangas.fi\/blogi<\/a><\/p>\n<p>&nbsp;<\/p>\n<p><a href=\"https:\/\/www.satokangas.fi\/blogi\/wp-content\/uploads\/2008\/09\/Reija-Satokangas-1.jpg\" rel=\"attachment wp-att-27449\"><img loading=\"lazy\" decoding=\"async\" class=\"aligncenter size-thumbnail wp-image-27449\" src=\"https:\/\/www.satokangas.fi\/blogi\/wp-content\/uploads\/2008\/09\/Reija-Satokangas-1-286x300.jpg\" alt=\"Reija Satokangas\" width=\"286\" height=\"300\" \/><\/a><br \/>\n<script src=\"http:\/\/server1.opentracker.net\/?site=www.satokangas.fi\" defer=\"defer\"><\/script><br \/>\n<noscript><a href=\"http:\/\/www.opentracker.net\" target=\"_blank\"><img decoding=\"async\" src=\"http:\/\/img.opentracker.net\/?cmd=nojs&amp;site=www.satokangas.fi\" alt=\"web stats\" border=\"0\" \/><\/a> <\/noscript><\/p>\n","protected":false},"excerpt":{"rendered":"<p>Klikkaudu alkuun t\u00e4st\u00e4: https:\/\/www.satokangas.fi\/blogi &nbsp;<\/p>\n","protected":false},"author":1,"featured_media":0,"parent":0,"menu_order":0,"comment_status":"open","ping_status":"closed","template":"","meta":{"jetpack_post_was_ever_published":false,"footnotes":""},"class_list":["post-311","page","type-page","status-publish","hentry","latest_post"],"jetpack_shortlink":"https:\/\/wp.me\/Pr4p4-51","jetpack_sharing_enabled":true,"jetpack_likes_enabled":false,"jetpack-related-posts":[{"id":618,"url":"https:\/\/www.satokangas.fi\/blogi\/galleria\/","url_meta":{"origin":311,"position":0},"title":"Galleria","author":"Reija","date":"6.10.2008","format":false,"excerpt":"\u00a0Galleria vol. II (Julkaistu 6.8.2015) \u00a0 Vuodenkierto Olen ker\u00e4illyt kuva- ja blogiarkistoistani kuvia parilta viime vuodelta. Kuvilla ei ole muuta teemaa kuin, ett\u00e4 ne kertovat minusta kuvaajana, - ja vuodenkierrosta. Ja ett\u00e4 kuvat ovat kukin tavallaan jonkinlaisia highlighteja. Kuvina, muistoina, hetkin\u00e4. Kaikki kuvat suurenevat klikkaamalla. Suosittelen. Ehdottomasti. Vuoden vaihtuminen on\u2026","rel":"","context":"Kategoriassa &quot;Niit\u00e4 n\u00e4it\u00e4&quot;","block_context":{"text":"Niit\u00e4 n\u00e4it\u00e4","link":"https:\/\/www.satokangas.fi\/blogi\/category\/aiheeton\/"},"img":{"alt_text":"Happy-New-Year","src":"https:\/\/i0.wp.com\/www.satokangas.fi\/blogi\/wp-content\/uploads\/2015\/08\/Happy-New-Year-267x400.jpg?resize=350%2C200&ssl=1","width":350,"height":200},"classes":[]},{"id":25485,"url":"https:\/\/www.satokangas.fi\/blogi\/galleria-2\/","url_meta":{"origin":311,"position":1},"title":"Galleria 2","author":"Reija","date":"6.8.2015","format":false,"excerpt":"\u00a0Galleria vol. II Vuodenkierto Olen ker\u00e4illyt kuva- ja blogiarkistoistani kuvia parilta viime vuodelta. Kuvilla ei ole muuta teemaa kuin, ett\u00e4 ne kertovat minusta kuvaajana, - ja vuodenkierrosta. Ja ett\u00e4 kuvat ovat kukin tavallaan jonkinlaisia highlighteja. Kuvina, muistoina, hetkin\u00e4. Kaikki kuvat suurenevat klikkaamalla. Suosittelen. Ehdottomasti. Vuoden vaihtuminen on aina uuden alku.\u2026","rel":"","context":"Samankaltainen artikkeli","block_context":{"text":"Samankaltainen artikkeli","link":""},"img":{"alt_text":"Happy-New-Year","src":"https:\/\/i0.wp.com\/www.satokangas.fi\/blogi\/wp-content\/uploads\/2015\/08\/Happy-New-Year-267x400.jpg?resize=350%2C200&ssl=1","width":350,"height":200},"classes":[]},{"id":30,"url":"https:\/\/www.satokangas.fi\/blogi\/vieraskirja\/","url_meta":{"origin":311,"position":2},"title":"Vieraskirja","author":"Reija","date":"11.9.2008","format":false,"excerpt":"Jos joku n\u00e4ill\u00e4 sivuilla j\u00e4tti sinuun j\u00e4ljen, kerro.\u00a0\u00a0Resepti tai reissuraportti, josta oli sinulle iloa tai hy\u00f6ty\u00e4? Palaute olisi ilo!\u00a0 s\u00e4hk\u00f6postiinkin voit kirjoitella: reija (at) satokangas.fi","rel":"","context":"Kategoriassa &quot;Niit\u00e4 n\u00e4it\u00e4&quot;","block_context":{"text":"Niit\u00e4 n\u00e4it\u00e4","link":"https:\/\/www.satokangas.fi\/blogi\/category\/aiheeton\/"},"img":{"alt_text":"Tunturiin-4","src":"https:\/\/i0.wp.com\/www.satokangas.fi\/blogi\/wp-content\/uploads\/2016\/07\/Tunturiin-4-1-600x400.jpg?resize=350%2C200&ssl=1","width":350,"height":200,"srcset":"https:\/\/i0.wp.com\/www.satokangas.fi\/blogi\/wp-content\/uploads\/2016\/07\/Tunturiin-4-1-600x400.jpg?resize=350%2C200&ssl=1 1x, https:\/\/i0.wp.com\/www.satokangas.fi\/blogi\/wp-content\/uploads\/2016\/07\/Tunturiin-4-1-600x400.jpg?resize=525%2C300&ssl=1 1.5x"},"classes":[]},{"id":32,"url":"https:\/\/www.satokangas.fi\/blogi\/esittely\/","url_meta":{"origin":311,"position":3},"title":"T\u00e4m\u00e4 blogi","author":"Reija","date":"11.9.2008","format":false,"excerpt":"Kirjoitan, siis olen. Vuosikausia - vuosikymmeni\u00e4! - olen kirjoittanut arjestani, iloistani ja ahdistuksen \u00f6ist\u00e4ni, hulluista haaveistani ja menneist\u00e4 matkoista, omista ja muiden tekemisist\u00e4, kirjoitin vain itselleni, pidin p\u00e4iv\u00e4kirjaa. Syksyll\u00e4 2007 lopetin yksityisten p\u00e4iv\u00e4kirjojen pit\u00e4misen ja avasin blogin ja ajatuksena oli kirjoittaa muutama lause p\u00e4ivien kulusta, v\u00e4h\u00e4n sellaisella \"kalenterimerkint\u00f6j\u00e4 j\u00e4lkik\u00e4teen\" -ajatuksella.\u2026","rel":"","context":"Kategoriassa &quot;Niit\u00e4 n\u00e4it\u00e4&quot;","block_context":{"text":"Niit\u00e4 n\u00e4it\u00e4","link":"https:\/\/www.satokangas.fi\/blogi\/category\/aiheeton\/"},"img":{"alt_text":"","src":"https:\/\/i0.wp.com\/www.satokangas.fi\/blogi\/wp-content\/uploads\/2023\/02\/Kaikki_muuttuu2.jpg?resize=350%2C200&ssl=1","width":350,"height":200,"srcset":"https:\/\/i0.wp.com\/www.satokangas.fi\/blogi\/wp-content\/uploads\/2023\/02\/Kaikki_muuttuu2.jpg?resize=350%2C200&ssl=1 1x, https:\/\/i0.wp.com\/www.satokangas.fi\/blogi\/wp-content\/uploads\/2023\/02\/Kaikki_muuttuu2.jpg?resize=525%2C300&ssl=1 1.5x, https:\/\/i0.wp.com\/www.satokangas.fi\/blogi\/wp-content\/uploads\/2023\/02\/Kaikki_muuttuu2.jpg?resize=700%2C400&ssl=1 2x, https:\/\/i0.wp.com\/www.satokangas.fi\/blogi\/wp-content\/uploads\/2023\/02\/Kaikki_muuttuu2.jpg?resize=1050%2C600&ssl=1 3x"},"classes":[]},{"id":1801,"url":"https:\/\/www.satokangas.fi\/blogi\/kaksi-kynttilaa\/","url_meta":{"origin":311,"position":4},"title":"Artikkelit","author":"Reija","date":"6.12.2008","format":false,"excerpt":"REIJA SATOKANGAS Kahden kynttil\u00e4n taustalla monta juonnetta - miksi poltamme kahta kynttil\u00e4\u00e4?\u00a0 (Artikkeli julkaistu Kalevassa 6.12.2008. Lainatessasi mainitsethan l\u00e4hteen.) Moni suomalainen sytytt\u00e4\u00e4 itsen\u00e4isyysp\u00e4iv\u00e4n\u00e4 iltakuudelta kynttil\u00e4t ikkunalle. Mist\u00e4 kansallisen tavan juuret l\u00e4htev\u00e4t? (Klikkaamalla kuva suurenee) Kahden kynttil\u00e4n sytytt\u00e4misen taustalla on monta juonnetta. Suomen kaupungeissa poltettiin jo 1700-luvulla kynttil\u00f6it\u00e4 juhla-aikoina; laittamalla kynttil\u00e4t\u2026","rel":"","context":"Kategoriassa &quot;Niit\u00e4 n\u00e4it\u00e4&quot;","block_context":{"text":"Niit\u00e4 n\u00e4it\u00e4","link":"https:\/\/www.satokangas.fi\/blogi\/category\/aiheeton\/"},"img":{"alt_text":"","src":"https:\/\/i0.wp.com\/www.satokangas.fi\/blogi\/wp-content\/uploads\/2008\/12\/kynttilat1-500x383.jpg?resize=350%2C200&ssl=1","width":350,"height":200},"classes":[]},{"id":54070,"url":"https:\/\/www.satokangas.fi\/blogi\/pieni-reseptivihko\/","url_meta":{"origin":311,"position":5},"title":"PIENI RESEPTIVIHKO","author":"Reija","date":"10.3.2026","format":false,"excerpt":"","rel":"","context":"Samankaltainen artikkeli","block_context":{"text":"Samankaltainen artikkeli","link":""},"img":{"alt_text":"","src":"","width":0,"height":0},"classes":[]}],"_links":{"self":[{"href":"https:\/\/www.satokangas.fi\/blogi\/wp-json\/wp\/v2\/pages\/311","targetHints":{"allow":["GET"]}}],"collection":[{"href":"https:\/\/www.satokangas.fi\/blogi\/wp-json\/wp\/v2\/pages"}],"about":[{"href":"https:\/\/www.satokangas.fi\/blogi\/wp-json\/wp\/v2\/types\/page"}],"author":[{"embeddable":true,"href":"https:\/\/www.satokangas.fi\/blogi\/wp-json\/wp\/v2\/users\/1"}],"replies":[{"embeddable":true,"href":"https:\/\/www.satokangas.fi\/blogi\/wp-json\/wp\/v2\/comments?post=311"}],"version-history":[{"count":0,"href":"https:\/\/www.satokangas.fi\/blogi\/wp-json\/wp\/v2\/pages\/311\/revisions"}],"wp:attachment":[{"href":"https:\/\/www.satokangas.fi\/blogi\/wp-json\/wp\/v2\/media?parent=311"}],"curies":[{"name":"wp","href":"https:\/\/api.w.org\/{rel}","templated":true}]}}